{"id":3756,"date":"2025-10-03T12:33:04","date_gmt":"2025-10-03T12:33:04","guid":{"rendered":"https:\/\/vetech.info\/?page_id=3756"},"modified":"2026-01-29T12:20:38","modified_gmt":"2026-01-29T12:20:38","slug":"results","status":"publish","type":"page","link":"https:\/\/vetech.info\/hu\/results\/","title":{"rendered":"Eredm\u00e9nyek"},"content":{"rendered":"<div data-elementor-type=\"wp-page\" data-elementor-id=\"3756\" class=\"elementor elementor-3756\">\n\t\t\t\t<div class=\"elementor-element elementor-element-dcfb448 e-flex e-con-boxed e-con e-parent\" data-id=\"dcfb448\" data-element_type=\"container\" data-e-type=\"container\" data-settings=\"{&quot;background_background&quot;:&quot;classic&quot;}\">\n\t\t\t\t\t<div class=\"e-con-inner\">\n\t\t<div class=\"elementor-element elementor-element-d21b7e0 e-flex e-con-boxed e-con e-child\" data-id=\"d21b7e0\" data-element_type=\"container\" data-e-type=\"container\">\n\t\t\t\t\t<div class=\"e-con-inner\">\n\t\t\t\t<div class=\"elementor-element elementor-element-e9fd9dc elementor-widget elementor-widget-heading\" data-id=\"e9fd9dc\" data-element_type=\"widget\" data-e-type=\"widget\" data-widget_type=\"heading.default\">\n\t\t\t\t<div class=\"elementor-widget-container\">\n\t\t\t\t\t<h1 class=\"elementor-heading-title elementor-size-default\">Projekteredm\u00e9nyek<\/h1>\t\t\t\t<\/div>\n\t\t\t\t<\/div>\n\t\t\t\t\t<\/div>\n\t\t\t\t<\/div>\n\t\t\t\t\t<\/div>\n\t\t\t\t<\/div>\n\t\t<div class=\"elementor-element elementor-element-9af5daa e-flex e-con-boxed e-con e-parent\" data-id=\"9af5daa\" data-element_type=\"container\" data-e-type=\"container\" data-settings=\"{&quot;background_background&quot;:&quot;classic&quot;}\">\n\t\t\t\t\t<div class=\"e-con-inner\">\n\t\t\t\t<div class=\"elementor-element elementor-element-ed78598 elementor-widget elementor-widget-spacer\" data-id=\"ed78598\" data-element_type=\"widget\" data-e-type=\"widget\" data-widget_type=\"spacer.default\">\n\t\t\t\t<div class=\"elementor-widget-container\">\n\t\t\t\t\t\t\t<div class=\"elementor-spacer\">\n\t\t\t<div class=\"elementor-spacer-inner\"><\/div>\n\t\t<\/div>\n\t\t\t\t\t\t<\/div>\n\t\t\t\t<\/div>\n\t\t<div class=\"elementor-element elementor-element-420b224 e-con-full e-flex e-con e-child\" data-id=\"420b224\" data-element_type=\"container\" data-e-type=\"container\">\n\t\t\t\t<div class=\"elementor-element elementor-element-d629952 elementor-widget elementor-widget-heading\" data-id=\"d629952\" data-element_type=\"widget\" data-e-type=\"widget\" data-widget_type=\"heading.default\">\n\t\t\t\t<div class=\"elementor-widget-container\">\n\t\t\t\t\t<h2 class=\"elementor-heading-title elementor-size-default\">Projekteredm\u00e9nyek<\/h2>\t\t\t\t<\/div>\n\t\t\t\t<\/div>\n\t\t\t\t<div class=\"elementor-element elementor-element-94fbc69 elementor-widget elementor-widget-text-editor\" data-id=\"94fbc69\" data-element_type=\"widget\" data-e-type=\"widget\" data-widget_type=\"text-editor.default\">\n\t\t\t\t<div class=\"elementor-widget-container\">\n\t\t\t\t\t\t\t\t\t<p class=\"translation-block\"><strong>Digital readiness of the VET and SMEs in the project countrie<\/strong>s<\/p><p>A VETech adatb\u00e1zis \u00e1tfog\u00f3 referenciaeszk\u00f6z a kis- \u00e9s k\u00f6z\u00e9pv\u00e1llalkoz\u00e1sok (KKV-k) digit\u00e1lis gyakorlatainak elterjed\u00e9s\u00e9r\u0151l Magyarorsz\u00e1gon, Bulg\u00e1ri\u00e1ban \u00e9s G\u00f6r\u00f6gorsz\u00e1gban. \u00d6sszegy\u0171jti az adatokat a KKV-k digit\u00e1lis felk\u00e9sz\u00fclts\u00e9g\u00e9r\u0151l, tov\u00e1bb\u00e1 a szakk\u00e9pz\u00e9sben oktat\u00f3k \u00e9s tanul\u00f3k sz\u00e1m\u00e1ra sz\u00fcks\u00e9ges digit\u00e1lis k\u00e9szs\u00e9gekr\u0151l, a digit\u00e1lis \u00e1talakul\u00e1st t\u00e1mogat\u00f3 hat\u00e9kony k\u00e9pz\u00e9si m\u00f3dszerekr\u0151l, a nemzeti politik\u00e1kr\u00f3l, az uni\u00f3s t\u00e1mogat\u00e1sokr\u00f3l, valamint esettanulm\u00e1nyokat \u00e9s bev\u00e1lt gyakorlatokat is tartalmaz. C\u00e9lja, hogy betekint\u00e9st ny\u00fajtson a szakk\u00e9pz\u0151 int\u00e9zm\u00e9nyek, valamint a KKV-k digit\u00e1lis digit\u00e1lis fejletts\u00e9g\u00e9be, a hi\u00e1nyoss\u00e1gokba \u00e9s a fejleszt\u00e9si lehet\u0151s\u00e9gekbe.<\/p>\t\t\t\t\t\t\t\t<\/div>\n\t\t\t\t<\/div>\n\t\t\t\t<div class=\"elementor-element elementor-element-eb65654 elementor-widget elementor-widget-text-editor\" data-id=\"eb65654\" data-element_type=\"widget\" data-e-type=\"widget\" data-widget_type=\"text-editor.default\">\n\t\t\t\t<div class=\"elementor-widget-container\">\n\t\t\t\t\t\t\t\t\t<ul><li><strong><a href=\"https:\/\/vetech.info\/wp-content\/uploads\/2025\/10\/A3_VETech_database_consolidated_report_EN.pdf\">VETech adatb\u00e1zis (angolul)<\/a><\/strong><\/li><li><strong><a href=\"https:\/\/vetech.info\/wp-content\/uploads\/2025\/10\/A3_VETech_database_consolidated_report_GR.docx.pdf\" target=\"_blank\" rel=\"noopener\">VETech adatb\u00e1zis (g\u00f6r\u00f6g\u00fcl)<\/a><\/strong><\/li><li><strong><a href=\"https:\/\/vetech.info\/wp-content\/uploads\/2025\/10\/A3_VETech_database_consolidated_report_HU.pdf\" target=\"_blank\" rel=\"noopener\">VETech adatb\u00e1zis (magyarul)<\/a><\/strong><\/li><li><strong><a href=\"https:\/\/vetech.info\/wp-content\/uploads\/2026\/01\/A3_VETech_database_consolidated_report_BG.pdf\" target=\"_blank\" rel=\"noopener\">VETech adatb\u00e1zis (bolg\u00e1rul)<\/a><\/strong><\/li><\/ul>\t\t\t\t\t\t\t\t<\/div>\n\t\t\t\t<\/div>\n\t\t\t\t<\/div>\n\t\t\t\t\t<\/div>\n\t\t\t\t<\/div>\n\t\t<div class=\"elementor-element elementor-element-c6a8aa5 e-con-full e-flex e-con e-parent\" data-id=\"c6a8aa5\" data-element_type=\"container\" data-e-type=\"container\" data-settings=\"{&quot;background_background&quot;:&quot;classic&quot;}\">\n\t\t\t\t<\/div>\n\t\t<div class=\"elementor-element elementor-element-66e7fc2 e-flex e-con-boxed e-con e-parent\" data-id=\"66e7fc2\" data-element_type=\"container\" data-e-type=\"container\" data-settings=\"{&quot;background_background&quot;:&quot;classic&quot;}\">\n\t\t\t\t\t<div class=\"e-con-inner\">\n\t\t<div class=\"elementor-element elementor-element-bbaf2af e-con-full e-flex e-con e-child\" data-id=\"bbaf2af\" data-element_type=\"container\" data-e-type=\"container\">\n\t\t\t\t<div class=\"elementor-element elementor-element-2929439 elementor-widget elementor-widget-heading\" data-id=\"2929439\" data-element_type=\"widget\" data-e-type=\"widget\" data-widget_type=\"heading.default\">\n\t\t\t\t<div class=\"elementor-widget-container\">\n\t\t\t\t\t<h2 class=\"elementor-heading-title elementor-size-default\">L\u00e9pjen kapcsolatba vel\u00fcnk!<\/h2>\t\t\t\t<\/div>\n\t\t\t\t<\/div>\n\t\t\t\t<div class=\"elementor-element elementor-element-d1f1f29 elementor-widget elementor-widget-button\" data-id=\"d1f1f29\" data-element_type=\"widget\" data-e-type=\"widget\" data-widget_type=\"button.default\">\n\t\t\t\t<div class=\"elementor-widget-container\">\n\t\t\t\t\t\t\t\t\t<div class=\"elementor-button-wrapper\">\n\t\t\t\t\t<a class=\"elementor-button elementor-button-link elementor-size-sm\" href=\"https:\/\/vetech.info\/hu\/contact-2\/\">\n\t\t\t\t\t\t<span class=\"elementor-button-content-wrapper\">\n\t\t\t\t\t\t\t\t\t<span class=\"elementor-button-text\">Tov\u00e1bb<\/span>\n\t\t\t\t\t<\/span>\n\t\t\t\t\t<\/a>\n\t\t\t\t<\/div>\n\t\t\t\t\t\t\t\t<\/div>\n\t\t\t\t<\/div>\n\t\t\t\t<\/div>\n\t\t\t\t\t<\/div>\n\t\t\t\t<\/div>\n\t\t<div class=\"elementor-element elementor-element-af39e5c e-grid e-con-boxed e-con e-parent\" data-id=\"af39e5c\" data-element_type=\"container\" data-e-type=\"container\" data-settings=\"{&quot;background_background&quot;:&quot;classic&quot;}\">\n\t\t\t\t\t<div class=\"e-con-inner\">\n\t\t\t\t<div class=\"elementor-element elementor-element-0b2b40b elementor-widget elementor-widget-spacer\" data-id=\"0b2b40b\" data-element_type=\"widget\" data-e-type=\"widget\" data-widget_type=\"spacer.default\">\n\t\t\t\t<div class=\"elementor-widget-container\">\n\t\t\t\t\t\t\t<div class=\"elementor-spacer\">\n\t\t\t<div class=\"elementor-spacer-inner\"><\/div>\n\t\t<\/div>\n\t\t\t\t\t\t<\/div>\n\t\t\t\t<\/div>\n\t\t\t\t<div class=\"elementor-element elementor-element-823e8c4 elementor-widget elementor-widget-image\" data-id=\"823e8c4\" data-element_type=\"widget\" data-e-type=\"widget\" data-widget_type=\"image.default\">\n\t\t\t\t<div class=\"elementor-widget-container\">\n\t\t\t\t\t\t\t\t\t\t\t\t\t\t\t<img fetchpriority=\"high\" decoding=\"async\" width=\"1600\" height=\"229\" src=\"https:\/\/vetech.info\/wp-content\/uploads\/2026\/02\/\u03a4\u03bf-\u03ba\u03b5\u03af\u03bc\u03b5\u03bd\u03bf-\u03c4\u03b7\u03c2-\u03c0\u03b1\u03c1\u03b1\u03b3\u03c1\u03ac\u03c6\u03bf\u03c5-\u03c3\u03b1\u03c2-4.png\" class=\"attachment-full size-full wp-image-3658\" alt=\"\" srcset=\"https:\/\/vetech.info\/wp-content\/uploads\/2026\/02\/\u03a4\u03bf-\u03ba\u03b5\u03af\u03bc\u03b5\u03bd\u03bf-\u03c4\u03b7\u03c2-\u03c0\u03b1\u03c1\u03b1\u03b3\u03c1\u03ac\u03c6\u03bf\u03c5-\u03c3\u03b1\u03c2-4.png 1600w, https:\/\/vetech.info\/wp-content\/uploads\/2026\/02\/\u03a4\u03bf-\u03ba\u03b5\u03af\u03bc\u03b5\u03bd\u03bf-\u03c4\u03b7\u03c2-\u03c0\u03b1\u03c1\u03b1\u03b3\u03c1\u03ac\u03c6\u03bf\u03c5-\u03c3\u03b1\u03c2-4-300x43.png 300w, https:\/\/vetech.info\/wp-content\/uploads\/2026\/02\/\u03a4\u03bf-\u03ba\u03b5\u03af\u03bc\u03b5\u03bd\u03bf-\u03c4\u03b7\u03c2-\u03c0\u03b1\u03c1\u03b1\u03b3\u03c1\u03ac\u03c6\u03bf\u03c5-\u03c3\u03b1\u03c2-4-1024x147.png 1024w, https:\/\/vetech.info\/wp-content\/uploads\/2026\/02\/\u03a4\u03bf-\u03ba\u03b5\u03af\u03bc\u03b5\u03bd\u03bf-\u03c4\u03b7\u03c2-\u03c0\u03b1\u03c1\u03b1\u03b3\u03c1\u03ac\u03c6\u03bf\u03c5-\u03c3\u03b1\u03c2-4-768x110.png 768w, https:\/\/vetech.info\/wp-content\/uploads\/2026\/02\/\u03a4\u03bf-\u03ba\u03b5\u03af\u03bc\u03b5\u03bd\u03bf-\u03c4\u03b7\u03c2-\u03c0\u03b1\u03c1\u03b1\u03b3\u03c1\u03ac\u03c6\u03bf\u03c5-\u03c3\u03b1\u03c2-4-1536x220.png 1536w, https:\/\/vetech.info\/wp-content\/uploads\/2026\/02\/\u03a4\u03bf-\u03ba\u03b5\u03af\u03bc\u03b5\u03bd\u03bf-\u03c4\u03b7\u03c2-\u03c0\u03b1\u03c1\u03b1\u03b3\u03c1\u03ac\u03c6\u03bf\u03c5-\u03c3\u03b1\u03c2-4-18x3.png 18w\" sizes=\"(max-width: 1600px) 100vw, 1600px\" \/>\t\t\t\t\t\t\t\t\t\t\t\t\t\t\t<\/div>\n\t\t\t\t<\/div>\n\t\t\t\t<div class=\"elementor-element elementor-element-bf15a0f elementor-widget elementor-widget-spacer\" data-id=\"bf15a0f\" data-element_type=\"widget\" data-e-type=\"widget\" data-widget_type=\"spacer.default\">\n\t\t\t\t<div class=\"elementor-widget-container\">\n\t\t\t\t\t\t\t<div class=\"elementor-spacer\">\n\t\t\t<div class=\"elementor-spacer-inner\"><\/div>\n\t\t<\/div>\n\t\t\t\t\t\t<\/div>\n\t\t\t\t<\/div>\n\t\t\t\t\t<\/div>\n\t\t\t\t<\/div>\n\t\t\t\t<\/div>","protected":false},"excerpt":{"rendered":"<p>Project&#8217;s Results Project&#8217;s Results Digital readiness of the VET and SMEs in the project countries The VETech Database is a comprehensive reference tool on the adoption of digital practices by small and medium-sized enterprises (SMEs) in Hungary, Bulgaria, and Greece. It compiles data on SMEs\u2019 digital readiness, the digital skills required for VET trainers and [&hellip;]<\/p>\n","protected":false},"author":2,"featured_media":0,"parent":0,"menu_order":0,"comment_status":"closed","ping_status":"closed","template":"","meta":{"site-sidebar-layout":"no-sidebar","site-content-layout":"page-builder","ast-site-content-layout":"full-width-container","site-content-style":"unboxed","site-sidebar-style":"unboxed","ast-global-header-display":"","ast-banner-title-visibility":"","ast-main-header-display":"","ast-hfb-above-header-display":"","ast-hfb-below-header-display":"","ast-hfb-mobile-header-display":"","site-post-title":"disabled","ast-breadcrumbs-content":"","ast-featured-img":"disabled","footer-sml-layout":"","ast-disable-related-posts":"","theme-transparent-header-meta":"enabled","adv-header-id-meta":"","stick-header-meta":"","header-above-stick-meta":"","header-main-stick-meta":"","header-below-stick-meta":"","astra-migrate-meta-layouts":"set","ast-page-background-enabled":"default","ast-page-background-meta":{"desktop":{"background-color":"var(--ast-global-color-4)","background-image":"","background-repeat":"repeat","background-position":"center center","background-size":"auto","background-attachment":"scroll","background-type":"","background-media":"","overlay-type":"","overlay-color":"","overlay-opacity":"","overlay-gradient":""},"tablet":{"background-color":"","background-image":"","background-repeat":"repeat","background-position":"center center","background-size":"auto","background-attachment":"scroll","background-type":"","background-media":"","overlay-type":"","overlay-color":"","overlay-opacity":"","overlay-gradient":""},"mobile":{"background-color":"","background-image":"","background-repeat":"repeat","background-position":"center center","background-size":"auto","background-attachment":"scroll","background-type":"","background-media":"","overlay-type":"","overlay-color":"","overlay-opacity":"","overlay-gradient":""}},"ast-content-background-meta":{"desktop":{"background-color":"var(--ast-global-color-5)","background-image":"","background-repeat":"repeat","background-position":"center center","background-size":"auto","background-attachment":"scroll","background-type":"","background-media":"","overlay-type":"","overlay-color":"","overlay-opacity":"","overlay-gradient":""},"tablet":{"background-color":"var(--ast-global-color-5)","background-image":"","background-repeat":"repeat","background-position":"center center","background-size":"auto","background-attachment":"scroll","background-type":"","background-media":"","overlay-type":"","overlay-color":"","overlay-opacity":"","overlay-gradient":""},"mobile":{"background-color":"var(--ast-global-color-5)","background-image":"","background-repeat":"repeat","background-position":"center center","background-size":"auto","background-attachment":"scroll","background-type":"","background-media":"","overlay-type":"","overlay-color":"","overlay-opacity":"","overlay-gradient":""}},"footnotes":""},"class_list":["post-3756","page","type-page","status-publish","hentry"],"_links":{"self":[{"href":"https:\/\/vetech.info\/hu\/wp-json\/wp\/v2\/pages\/3756","targetHints":{"allow":["GET"]}}],"collection":[{"href":"https:\/\/vetech.info\/hu\/wp-json\/wp\/v2\/pages"}],"about":[{"href":"https:\/\/vetech.info\/hu\/wp-json\/wp\/v2\/types\/page"}],"author":[{"embeddable":true,"href":"https:\/\/vetech.info\/hu\/wp-json\/wp\/v2\/users\/2"}],"replies":[{"embeddable":true,"href":"https:\/\/vetech.info\/hu\/wp-json\/wp\/v2\/comments?post=3756"}],"version-history":[{"count":64,"href":"https:\/\/vetech.info\/hu\/wp-json\/wp\/v2\/pages\/3756\/revisions"}],"predecessor-version":[{"id":3921,"href":"https:\/\/vetech.info\/hu\/wp-json\/wp\/v2\/pages\/3756\/revisions\/3921"}],"wp:attachment":[{"href":"https:\/\/vetech.info\/hu\/wp-json\/wp\/v2\/media?parent=3756"}],"curies":[{"name":"wp","href":"https:\/\/api.w.org\/{rel}","templated":true}]}}