{"id":2857,"date":"2025-07-03T11:44:35","date_gmt":"2025-07-03T11:44:35","guid":{"rendered":"https:\/\/vetech.info\/services\/"},"modified":"2025-10-03T14:41:56","modified_gmt":"2025-10-03T14:41:56","slug":"partners","status":"publish","type":"page","link":"https:\/\/vetech.info\/hu\/partners\/","title":{"rendered":"Partnerek"},"content":{"rendered":"<div data-elementor-type=\"wp-post\" data-elementor-id=\"2857\" class=\"elementor elementor-2857\">\n\t\t\t\t<div class=\"elementor-element elementor-element-627553f e-flex e-con-boxed e-con e-parent\" data-id=\"627553f\" data-element_type=\"container\" data-e-type=\"container\" data-settings=\"{&quot;background_background&quot;:&quot;classic&quot;}\">\n\t\t\t\t\t<div class=\"e-con-inner\">\n\t\t<div class=\"elementor-element elementor-element-422be9b e-con-full e-flex e-con e-child\" data-id=\"422be9b\" data-element_type=\"container\" data-e-type=\"container\">\n\t\t\t\t<div class=\"elementor-element elementor-element-e4b4478 elementor-widget elementor-widget-heading\" data-id=\"e4b4478\" data-element_type=\"widget\" data-e-type=\"widget\" data-widget_type=\"heading.default\">\n\t\t\t\t<div class=\"elementor-widget-container\">\n\t\t\t\t\t<h1 class=\"elementor-heading-title elementor-size-default\">Partneker<\/h1>\t\t\t\t<\/div>\n\t\t\t\t<\/div>\n\t\t\t\t<\/div>\n\t\t\t\t\t<\/div>\n\t\t\t\t<\/div>\n\t\t<div class=\"elementor-element elementor-element-577fc67 e-flex e-con-boxed e-con e-parent\" data-id=\"577fc67\" data-element_type=\"container\" data-e-type=\"container\" data-settings=\"{&quot;background_background&quot;:&quot;classic&quot;}\">\n\t\t\t\t\t<div class=\"e-con-inner\">\n\t\t<div class=\"elementor-element elementor-element-5ef6334 e-con-full animated-slow e-flex elementor-invisible e-con e-child\" data-id=\"5ef6334\" data-element_type=\"container\" data-e-type=\"container\" data-settings=\"{&quot;animation&quot;:&quot;fadeInLeft&quot;}\">\n\t\t\t\t<div class=\"elementor-element elementor-element-44c0609 elementor-widget elementor-widget-heading\" data-id=\"44c0609\" data-element_type=\"widget\" data-e-type=\"widget\" data-widget_type=\"heading.default\">\n\t\t\t\t<div class=\"elementor-widget-container\">\n\t\t\t\t\t<h4 class=\"elementor-heading-title elementor-size-default\">Personal Training EOOD (Bulg\u00e1ria)<\/h4>\t\t\t\t<\/div>\n\t\t\t\t<\/div>\n\t\t\t\t<div class=\"elementor-element elementor-element-91ea5cd elementor-widget elementor-widget-text-editor\" data-id=\"91ea5cd\" data-element_type=\"widget\" data-e-type=\"widget\" data-widget_type=\"text-editor.default\">\n\t\t\t\t<div class=\"elementor-widget-container\">\n\t\t\t\t\t\t\t\t\t<p>A Personal Training EOOD egy tan\u00fas\u00edtott C-VET (azaz Folyamatos Szakk\u00e9pz\u00e9s \u00e9s Tov\u00e1bbk\u00e9pz\u00e9s) k\u00f6zpont, amely Rousse-ban, Bulg\u00e1ri\u00e1ban m\u0171k\u00f6dik. T\u00f6bb mint 24 szakk\u00e9pz\u00e9si ter\u00fcleten ny\u00fajt speci\u00e1lis k\u00e9pz\u00e9seket, k\u00fcl\u00f6n\u00f6s hangs\u00falyt fektetve a NEET csoport, a bev\u00e1ndorl\u00f3k, a munkan\u00e9lk\u00fcliek \u00e9s az etnikai kisebbs\u00e9gek bevon\u00e1s\u00e1ra. A karriermentor\u00e1l\u00e1s, a m\u00f3dszertani innov\u00e1ci\u00f3 \u00e9s m\u00e1s eszk\u00f6z\u00f6k alkalmaz\u00e1sa ter\u00e9n szerzett szak\u00e9rtelm\u00e9vel a Personal Training t\u00e1mogatja a tanul\u00f3k szem\u00e9lyes \u00e9s szakmai fejl\u0151d\u00e9s\u00e9t. A VETech projekt keret\u00e9ben a VETech Adatb\u00e1zis l\u00e9trehoz\u00e1s\u00e1t koordin\u00e1lta, tov\u00e1bb\u00e1 az \u0151 vezet\u00e9s\u00e9vel val\u00f3sult meg a szimul\u00e1ci\u00f3s tr\u00e9ning is Bulg\u00e1ri\u00e1ban.<\/p>\t\t\t\t\t\t\t\t<\/div>\n\t\t\t\t<\/div>\n\t\t\t\t<div class=\"elementor-element elementor-element-4714f21 elementor-widget elementor-widget-button\" data-id=\"4714f21\" data-element_type=\"widget\" data-e-type=\"widget\" data-widget_type=\"button.default\">\n\t\t\t\t<div class=\"elementor-widget-container\">\n\t\t\t\t\t\t\t\t\t<div class=\"elementor-button-wrapper\">\n\t\t\t\t\t<a class=\"elementor-button elementor-button-link elementor-size-sm\" href=\"https:\/\/www.facebook.com\/PersonalVETCenter\" target=\"_blank\">\n\t\t\t\t\t\t<span class=\"elementor-button-content-wrapper\">\n\t\t\t\t\t\t\t\t\t<span class=\"elementor-button-text\">Tov\u00e1bb<\/span>\n\t\t\t\t\t<\/span>\n\t\t\t\t\t<\/a>\n\t\t\t\t<\/div>\n\t\t\t\t\t\t\t\t<\/div>\n\t\t\t\t<\/div>\n\t\t\t\t<\/div>\n\t\t<div class=\"elementor-element elementor-element-5aa1dd2 e-con-full animated-slow e-flex elementor-invisible e-con e-child\" data-id=\"5aa1dd2\" data-element_type=\"container\" data-e-type=\"container\" data-settings=\"{&quot;background_background&quot;:&quot;classic&quot;,&quot;animation&quot;:&quot;fadeInRight&quot;}\">\n\t\t\t\t<div class=\"elementor-element elementor-element-29ffc04 elementor-widget elementor-widget-image\" data-id=\"29ffc04\" data-element_type=\"widget\" data-e-type=\"widget\" data-widget_type=\"image.default\">\n\t\t\t\t<div class=\"elementor-widget-container\">\n\t\t\t\t\t\t\t\t\t\t\t\t\t\t\t\t<a href=\"https:\/\/www.facebook.com\/PersonalVETCenter\" target=\"_blank\">\n\t\t\t\t\t\t\t<img fetchpriority=\"high\" decoding=\"async\" width=\"932\" height=\"268\" src=\"https:\/\/vetech.info\/wp-content\/uploads\/2025\/07\/1000033361-removebg-preview.png\" class=\"attachment-large size-large wp-image-3006\" alt=\"\" srcset=\"https:\/\/vetech.info\/wp-content\/uploads\/2025\/07\/1000033361-removebg-preview.png 932w, https:\/\/vetech.info\/wp-content\/uploads\/2025\/07\/1000033361-removebg-preview-300x86.png 300w, https:\/\/vetech.info\/wp-content\/uploads\/2025\/07\/1000033361-removebg-preview-768x221.png 768w\" sizes=\"(max-width: 932px) 100vw, 932px\" \/>\t\t\t\t\t\t\t\t<\/a>\n\t\t\t\t\t\t\t\t\t\t\t\t\t\t\t<\/div>\n\t\t\t\t<\/div>\n\t\t\t\t<\/div>\n\t\t\t\t\t<\/div>\n\t\t\t\t<\/div>\n\t\t<div class=\"elementor-element elementor-element-5232898 e-flex e-con-boxed e-con e-parent\" data-id=\"5232898\" data-element_type=\"container\" data-e-type=\"container\" data-settings=\"{&quot;background_background&quot;:&quot;classic&quot;}\">\n\t\t\t\t\t<div class=\"e-con-inner\">\n\t\t<div class=\"elementor-element elementor-element-25d50b6 e-con-full animated-slow e-flex elementor-invisible e-con e-child\" data-id=\"25d50b6\" data-element_type=\"container\" data-e-type=\"container\" data-settings=\"{&quot;animation&quot;:&quot;fadeInLeft&quot;}\">\n\t\t\t\t<div class=\"elementor-element elementor-element-a7e9cda elementor-widget elementor-widget-heading\" data-id=\"a7e9cda\" data-element_type=\"widget\" data-e-type=\"widget\" data-widget_type=\"heading.default\">\n\t\t\t\t<div class=\"elementor-widget-container\">\n\t\t\t\t\t<h4 class=\"elementor-heading-title elementor-size-default\">Veszpr\u00e9m V\u00e1rmegyei Kereskedelmi \u00e9s Iparkamara (Magyarorsz\u00e1g)<\/h4>\t\t\t\t<\/div>\n\t\t\t\t<\/div>\n\t\t\t\t<div class=\"elementor-element elementor-element-8956501 elementor-widget elementor-widget-text-editor\" data-id=\"8956501\" data-element_type=\"widget\" data-e-type=\"widget\" data-widget_type=\"text-editor.default\">\n\t\t\t\t<div class=\"elementor-widget-container\">\n\t\t\t\t\t\t\t\t\t<p>A Veszpr\u00e9m V\u00e1rmegyei Kereskedelmi \u00e9s Iparkamara (VKIK) (Magyarorsz\u00e1g) szervezeti form\u00e1j\u00e1t tekintve k\u00f6ztest\u00fclet, Veszpr\u00e9m v\u00e1rmegy\u00e9ben, Magyarorsz\u00e1gon. 1994-ben alakult. T\u00f6bb mint 29 000 v\u00e1llalkoz\u00e1st k\u00e9pviselve a VKIK t\u00e1mogat\u00e1st ny\u00fajt \u00fczletfejleszt\u00e9s, szakk\u00e9pz\u00e9s, jogi tan\u00e1csad\u00e1s \u00e9s uni\u00f3s t\u00e1mogat\u00e1sok ter\u00e9n is. A KKV-k versenyk\u00e9pess\u00e9g\u00e9nek, a gazdas\u00e1gi innov\u00e1ci\u00f3nak \u00e9s a szakpolitikai p\u00e1rbesz\u00e9dnek a t\u00e1mogat\u00e1s\u00e1ban sz\u00e9lesk\u00f6r\u0171 tapasztalattal rendelkezik.  A VETech projekt keret\u00e9ben a projektmenedzsment feladatok ell\u00e1t\u00e1s\u00e1\u00e9rt felelt, biztos\u00edtotta a partnerek g\u00f6rd\u00fcl\u00e9keny egy\u00fcttm\u0171k\u00f6d\u00e9s\u00e9t \u00e9s a projekteredm\u00e9nyek el\u00e9r\u00e9s\u00e9t.  A projekt nyit\u00f3esem\u00e9ny\u00e9re Veszpr\u00e9mben ker\u00fclt sor, amelynek lebonyol\u00edt\u00e1s\u00e1\u00e9rt a VKIK felelt.<\/p>\t\t\t\t\t\t\t\t<\/div>\n\t\t\t\t<\/div>\n\t\t\t\t<div class=\"elementor-element elementor-element-7c33f43 elementor-widget elementor-widget-button\" data-id=\"7c33f43\" data-element_type=\"widget\" data-e-type=\"widget\" data-widget_type=\"button.default\">\n\t\t\t\t<div class=\"elementor-widget-container\">\n\t\t\t\t\t\t\t\t\t<div class=\"elementor-button-wrapper\">\n\t\t\t\t\t<a class=\"elementor-button elementor-button-link elementor-size-sm\" href=\"https:\/\/veszpremikamara.hu\/kapcsolat\" target=\"_blank\">\n\t\t\t\t\t\t<span class=\"elementor-button-content-wrapper\">\n\t\t\t\t\t\t\t\t\t<span class=\"elementor-button-text\">Tov\u00e1bb<\/span>\n\t\t\t\t\t<\/span>\n\t\t\t\t\t<\/a>\n\t\t\t\t<\/div>\n\t\t\t\t\t\t\t\t<\/div>\n\t\t\t\t<\/div>\n\t\t\t\t<\/div>\n\t\t<div class=\"elementor-element elementor-element-8d14914 e-con-full animated-slow e-flex elementor-invisible e-con e-child\" data-id=\"8d14914\" data-element_type=\"container\" data-e-type=\"container\" data-settings=\"{&quot;background_background&quot;:&quot;classic&quot;,&quot;animation&quot;:&quot;fadeInRight&quot;}\">\n\t\t\t\t<div class=\"elementor-element elementor-element-fdc589f elementor-invisible elementor-widget elementor-widget-image\" data-id=\"fdc589f\" data-element_type=\"widget\" data-e-type=\"widget\" data-settings=\"{&quot;_animation&quot;:&quot;fadeInRight&quot;}\" data-widget_type=\"image.default\">\n\t\t\t\t<div class=\"elementor-widget-container\">\n\t\t\t\t\t\t\t\t\t\t\t\t\t\t\t\t<a href=\"https:\/\/veszpremikamara.hu\/kapcsolat\" target=\"_blank\">\n\t\t\t\t\t\t\t<img decoding=\"async\" width=\"1024\" height=\"1024\" src=\"https:\/\/vetech.info\/wp-content\/uploads\/2025\/07\/\u03b5\u03b9\u03ba\u03cc\u03bd\u03b1_Viber_2025-07-08_15-27-28-163-1024x1024.png\" class=\"attachment-large size-large wp-image-3621\" alt=\"\" srcset=\"https:\/\/vetech.info\/wp-content\/uploads\/2025\/07\/\u03b5\u03b9\u03ba\u03cc\u03bd\u03b1_Viber_2025-07-08_15-27-28-163-1024x1024.png 1024w, https:\/\/vetech.info\/wp-content\/uploads\/2025\/07\/\u03b5\u03b9\u03ba\u03cc\u03bd\u03b1_Viber_2025-07-08_15-27-28-163-300x300.png 300w, https:\/\/vetech.info\/wp-content\/uploads\/2025\/07\/\u03b5\u03b9\u03ba\u03cc\u03bd\u03b1_Viber_2025-07-08_15-27-28-163-150x150.png 150w, https:\/\/vetech.info\/wp-content\/uploads\/2025\/07\/\u03b5\u03b9\u03ba\u03cc\u03bd\u03b1_Viber_2025-07-08_15-27-28-163-768x768.png 768w, https:\/\/vetech.info\/wp-content\/uploads\/2025\/07\/\u03b5\u03b9\u03ba\u03cc\u03bd\u03b1_Viber_2025-07-08_15-27-28-163.png 1510w\" sizes=\"(max-width: 1024px) 100vw, 1024px\" \/>\t\t\t\t\t\t\t\t<\/a>\n\t\t\t\t\t\t\t\t\t\t\t\t\t\t\t<\/div>\n\t\t\t\t<\/div>\n\t\t\t\t<\/div>\n\t\t\t\t\t<\/div>\n\t\t\t\t<\/div>\n\t\t<div class=\"elementor-element elementor-element-6301de2 e-flex e-con-boxed e-con e-parent\" data-id=\"6301de2\" data-element_type=\"container\" data-e-type=\"container\" data-settings=\"{&quot;background_background&quot;:&quot;classic&quot;}\">\n\t\t\t\t\t<div class=\"e-con-inner\">\n\t\t<div class=\"elementor-element elementor-element-a4a1bac e-con-full animated-slow e-flex elementor-invisible e-con e-child\" data-id=\"a4a1bac\" data-element_type=\"container\" data-e-type=\"container\" data-settings=\"{&quot;animation&quot;:&quot;fadeInLeft&quot;}\">\n\t\t\t\t<div class=\"elementor-element elementor-element-01a8398 elementor-widget elementor-widget-heading\" data-id=\"01a8398\" data-element_type=\"widget\" data-e-type=\"widget\" data-widget_type=\"heading.default\">\n\t\t\t\t<div class=\"elementor-widget-container\">\n\t\t\t\t\t<h4 class=\"elementor-heading-title elementor-size-default\">EQUALINE \u2013 European Center for Social Science, Culture and Sport (G\u00f6r\u00f6gorsz\u00e1g)\n\n<\/h4>\t\t\t\t<\/div>\n\t\t\t\t<\/div>\n\t\t\t\t<div class=\"elementor-element elementor-element-af2bc21 elementor-widget elementor-widget-text-editor\" data-id=\"af2bc21\" data-element_type=\"widget\" data-e-type=\"widget\" data-widget_type=\"text-editor.default\">\n\t\t\t\t<div class=\"elementor-widget-container\">\n\t\t\t\t\t\t\t\t\t<p>Az EQUALINE egy g\u00f6r\u00f6gorsz\u00e1gi, Veria v\u00e1ros\u00e1ban m\u0171k\u00f6d\u0151 nonprofit szervezet, amely a t\u00e1rsadalomtudom\u00e1ny, a kult\u00fara, a sport \u00e9s a digit\u00e1lis befogad\u00e1s ter\u00fcletein tev\u00e9kenykedik. A szervezet el\u0151seg\u00edti az \u00e9lethosszig tart\u00f3 tanul\u00e1st, a digit\u00e1lis k\u00e9szs\u00e9gek fejleszt\u00e9s\u00e9t \u00e9s a h\u00e1tr\u00e1nyos helyzet\u0171 csoportok meger\u0151s\u00edt\u00e9s\u00e9t minden koroszt\u00e1ly sz\u00e1m\u00e1ra, k\u00fcl\u00f6n\u00f6sen vid\u00e9ki vagy elmaradott ter\u00fcleteken. Sz\u00e1mos uni\u00f3s finansz\u00edroz\u00e1s\u00fa projektet val\u00f3s\u00edt meg, amelyek az oktat\u00e1shoz val\u00f3 hozz\u00e1f\u00e9r\u00e9sre, a foglalkoztathat\u00f3s\u00e1gra \u00e9s a t\u00e1rsadalmi r\u00e9szv\u00e9telre f\u00f3kusz\u00e1lnak. A VETech projektben a VETech weboldal fejleszt\u00e9s\u00e9\u00e9rt felelt, biztos\u00edtva az eredm\u00e9nyek hozz\u00e1f\u00e9rhet\u0151s\u00e9g\u00e9t \u00e9s fenntarthat\u00f3s\u00e1g\u00e1t. Emellett az EQUALINE koordin\u00e1lta a projektkommunik\u00e1ci\u00f3s tev\u00e9kenys\u00e9get \u00e9s adott helyet a projekt z\u00e1r\u00f3esem\u00e9ny\u00e9nek.<\/p>\t\t\t\t\t\t\t\t<\/div>\n\t\t\t\t<\/div>\n\t\t\t\t<div class=\"elementor-element elementor-element-e6e304c elementor-widget elementor-widget-button\" data-id=\"e6e304c\" data-element_type=\"widget\" data-e-type=\"widget\" data-widget_type=\"button.default\">\n\t\t\t\t<div class=\"elementor-widget-container\">\n\t\t\t\t\t\t\t\t\t<div class=\"elementor-button-wrapper\">\n\t\t\t\t\t<a class=\"elementor-button elementor-button-link elementor-size-sm\" href=\"https:\/\/equaline.gr\/\" target=\"_blank\">\n\t\t\t\t\t\t<span class=\"elementor-button-content-wrapper\">\n\t\t\t\t\t\t\t\t\t<span class=\"elementor-button-text\">Tov\u00e1bb<\/span>\n\t\t\t\t\t<\/span>\n\t\t\t\t\t<\/a>\n\t\t\t\t<\/div>\n\t\t\t\t\t\t\t\t<\/div>\n\t\t\t\t<\/div>\n\t\t\t\t<\/div>\n\t\t<div class=\"elementor-element elementor-element-19bb856 e-con-full e-flex e-con e-child\" data-id=\"19bb856\" data-element_type=\"container\" data-e-type=\"container\" data-settings=\"{&quot;background_background&quot;:&quot;classic&quot;}\">\n\t\t\t\t<div class=\"elementor-element elementor-element-52171bc animated-slow elementor-invisible elementor-widget elementor-widget-image\" data-id=\"52171bc\" data-element_type=\"widget\" data-e-type=\"widget\" data-settings=\"{&quot;_animation&quot;:&quot;fadeInRight&quot;}\" data-widget_type=\"image.default\">\n\t\t\t\t<div class=\"elementor-widget-container\">\n\t\t\t\t\t\t\t\t\t\t\t\t\t\t\t\t<a href=\"https:\/\/equaline.gr\/\" target=\"_blank\">\n\t\t\t\t\t\t\t<img decoding=\"async\" width=\"500\" height=\"500\" src=\"https:\/\/vetech.info\/wp-content\/uploads\/2025\/07\/1000033363-removebg-preview.png\" class=\"attachment-large size-large wp-image-3007\" alt=\"\" srcset=\"https:\/\/vetech.info\/wp-content\/uploads\/2025\/07\/1000033363-removebg-preview.png 500w, https:\/\/vetech.info\/wp-content\/uploads\/2025\/07\/1000033363-removebg-preview-300x300.png 300w, https:\/\/vetech.info\/wp-content\/uploads\/2025\/07\/1000033363-removebg-preview-150x150.png 150w\" sizes=\"(max-width: 500px) 100vw, 500px\" \/>\t\t\t\t\t\t\t\t<\/a>\n\t\t\t\t\t\t\t\t\t\t\t\t\t\t\t<\/div>\n\t\t\t\t<\/div>\n\t\t\t\t<\/div>\n\t\t\t\t\t<\/div>\n\t\t\t\t<\/div>\n\t\t<div class=\"elementor-element elementor-element-10e53f0 e-flex e-con-boxed e-con e-parent\" data-id=\"10e53f0\" data-element_type=\"container\" data-e-type=\"container\" data-settings=\"{&quot;background_background&quot;:&quot;classic&quot;}\">\n\t\t\t\t\t<div class=\"e-con-inner\">\n\t\t\t\t<div class=\"elementor-element elementor-element-b947b1d elementor-widget elementor-widget-spacer\" data-id=\"b947b1d\" data-element_type=\"widget\" data-e-type=\"widget\" data-widget_type=\"spacer.default\">\n\t\t\t\t<div class=\"elementor-widget-container\">\n\t\t\t\t\t\t\t<div class=\"elementor-spacer\">\n\t\t\t<div class=\"elementor-spacer-inner\"><\/div>\n\t\t<\/div>\n\t\t\t\t\t\t<\/div>\n\t\t\t\t<\/div>\n\t\t\t\t\t<\/div>\n\t\t\t\t<\/div>\n\t\t<div class=\"elementor-element elementor-element-68cf37f e-flex e-con-boxed e-con e-parent\" data-id=\"68cf37f\" data-element_type=\"container\" data-e-type=\"container\" data-settings=\"{&quot;background_background&quot;:&quot;classic&quot;}\">\n\t\t\t\t\t<div class=\"e-con-inner\">\n\t\t<div class=\"elementor-element elementor-element-9353f7b e-con-full e-flex e-con e-child\" data-id=\"9353f7b\" data-element_type=\"container\" data-e-type=\"container\">\n\t\t\t\t<div class=\"elementor-element elementor-element-73542d1 elementor-widget elementor-widget-heading\" data-id=\"73542d1\" data-element_type=\"widget\" data-e-type=\"widget\" data-widget_type=\"heading.default\">\n\t\t\t\t<div class=\"elementor-widget-container\">\n\t\t\t\t\t<h3 class=\"elementor-heading-title elementor-size-default\">L\u00e9pjen kapcsolatba vel\u00fcnk!<\/h3>\t\t\t\t<\/div>\n\t\t\t\t<\/div>\n\t\t\t\t<div class=\"elementor-element elementor-element-13a4e19 elementor-align-right elementor-mobile-align-center elementor-widget elementor-widget-button\" data-id=\"13a4e19\" data-element_type=\"widget\" data-e-type=\"widget\" data-widget_type=\"button.default\">\n\t\t\t\t<div class=\"elementor-widget-container\">\n\t\t\t\t\t\t\t\t\t<div class=\"elementor-button-wrapper\">\n\t\t\t\t\t<a class=\"elementor-button elementor-button-link elementor-size-sm\" href=\"https:\/\/vetech.info\/hu\/contact-2\/\">\n\t\t\t\t\t\t<span class=\"elementor-button-content-wrapper\">\n\t\t\t\t\t\t\t\t\t<span class=\"elementor-button-text\">Tov\u00e1bb<\/span>\n\t\t\t\t\t<\/span>\n\t\t\t\t\t<\/a>\n\t\t\t\t<\/div>\n\t\t\t\t\t\t\t\t<\/div>\n\t\t\t\t<\/div>\n\t\t\t\t<\/div>\n\t\t\t\t\t<\/div>\n\t\t\t\t<\/div>\n\t\t<div class=\"elementor-element elementor-element-8c88143 e-grid e-con-boxed e-con e-parent\" data-id=\"8c88143\" data-element_type=\"container\" data-e-type=\"container\" data-settings=\"{&quot;background_background&quot;:&quot;classic&quot;}\">\n\t\t\t\t\t<div class=\"e-con-inner\">\n\t\t\t\t<div class=\"elementor-element elementor-element-e550feb elementor-widget elementor-widget-spacer\" data-id=\"e550feb\" data-element_type=\"widget\" data-e-type=\"widget\" data-widget_type=\"spacer.default\">\n\t\t\t\t<div class=\"elementor-widget-container\">\n\t\t\t\t\t\t\t<div class=\"elementor-spacer\">\n\t\t\t<div class=\"elementor-spacer-inner\"><\/div>\n\t\t<\/div>\n\t\t\t\t\t\t<\/div>\n\t\t\t\t<\/div>\n\t\t\t\t<div class=\"elementor-element elementor-element-6b55f60 elementor-widget elementor-widget-image\" data-id=\"6b55f60\" data-element_type=\"widget\" data-e-type=\"widget\" data-widget_type=\"image.default\">\n\t\t\t\t<div class=\"elementor-widget-container\">\n\t\t\t\t\t\t\t\t\t\t\t\t\t\t\t<img loading=\"lazy\" decoding=\"async\" width=\"1024\" height=\"147\" src=\"https:\/\/vetech.info\/wp-content\/uploads\/2025\/07\/\u0391\u03bd\u03ce\u03bd\u03c5\u03bc\u03bf-\u03c3\u03c7\u03ad\u03b4\u03b9\u03bf-28-1024x147.png\" class=\"attachment-large size-large wp-image-3658\" alt=\"\" srcset=\"https:\/\/vetech.info\/wp-content\/uploads\/2025\/07\/\u0391\u03bd\u03ce\u03bd\u03c5\u03bc\u03bf-\u03c3\u03c7\u03ad\u03b4\u03b9\u03bf-28-1024x147.png 1024w, https:\/\/vetech.info\/wp-content\/uploads\/2025\/07\/\u0391\u03bd\u03ce\u03bd\u03c5\u03bc\u03bf-\u03c3\u03c7\u03ad\u03b4\u03b9\u03bf-28-300x43.png 300w, https:\/\/vetech.info\/wp-content\/uploads\/2025\/07\/\u0391\u03bd\u03ce\u03bd\u03c5\u03bc\u03bf-\u03c3\u03c7\u03ad\u03b4\u03b9\u03bf-28-768x110.png 768w, https:\/\/vetech.info\/wp-content\/uploads\/2025\/07\/\u0391\u03bd\u03ce\u03bd\u03c5\u03bc\u03bf-\u03c3\u03c7\u03ad\u03b4\u03b9\u03bf-28-1536x220.png 1536w, https:\/\/vetech.info\/wp-content\/uploads\/2025\/07\/\u0391\u03bd\u03ce\u03bd\u03c5\u03bc\u03bf-\u03c3\u03c7\u03ad\u03b4\u03b9\u03bf-28.png 1600w\" sizes=\"(max-width: 1024px) 100vw, 1024px\" \/>\t\t\t\t\t\t\t\t\t\t\t\t\t\t\t<\/div>\n\t\t\t\t<\/div>\n\t\t\t\t\t<\/div>\n\t\t\t\t<\/div>\n\t\t<div class=\"elementor-element elementor-element-28edc3d e-flex e-con-boxed e-con e-parent\" data-id=\"28edc3d\" data-element_type=\"container\" data-e-type=\"container\" data-settings=\"{&quot;background_background&quot;:&quot;classic&quot;}\">\n\t\t\t\t\t<div class=\"e-con-inner\">\n\t\t\t\t<div class=\"elementor-element elementor-element-b13fffe elementor-widget elementor-widget-spacer\" data-id=\"b13fffe\" data-element_type=\"widget\" data-e-type=\"widget\" data-widget_type=\"spacer.default\">\n\t\t\t\t<div class=\"elementor-widget-container\">\n\t\t\t\t\t\t\t<div class=\"elementor-spacer\">\n\t\t\t<div class=\"elementor-spacer-inner\"><\/div>\n\t\t<\/div>\n\t\t\t\t\t\t<\/div>\n\t\t\t\t<\/div>\n\t\t\t\t\t<\/div>\n\t\t\t\t<\/div>\n\t\t\t\t<\/div>","protected":false},"excerpt":{"rendered":"<p>Partners Personal Training EOOD (Bulgaria) Personal Training EOOD is a certified C-VET (Continuing Vocational Education and Training) center based in Rousse, Bulgaria. It delivers specialized training across more than 24 vocational fields and focuses on the inclusion of NEETs, migrants, unemployed individuals, and ethnic minorities. With strong expertise in career mentoring, methodological innovation, and the [&hellip;]<\/p>\n","protected":false},"author":2,"featured_media":0,"parent":0,"menu_order":0,"comment_status":"closed","ping_status":"closed","template":"","meta":{"site-sidebar-layout":"no-sidebar","site-content-layout":"page-builder","ast-site-content-layout":"full-width-container","site-content-style":"unboxed","site-sidebar-style":"unboxed","ast-global-header-display":"","ast-banner-title-visibility":"","ast-main-header-display":"","ast-hfb-above-header-display":"","ast-hfb-below-header-display":"","ast-hfb-mobile-header-display":"","site-post-title":"disabled","ast-breadcrumbs-content":"","ast-featured-img":"disabled","footer-sml-layout":"","ast-disable-related-posts":"","theme-transparent-header-meta":"enabled","adv-header-id-meta":"","stick-header-meta":"","header-above-stick-meta":"","header-main-stick-meta":"","header-below-stick-meta":"","astra-migrate-meta-layouts":"set","ast-page-background-enabled":"default","ast-page-background-meta":{"desktop":{"background-color":"","background-image":"","background-repeat":"repeat","background-position":"center center","background-size":"auto","background-attachment":"scroll","background-type":"","background-media":"","overlay-type":"","overlay-color":"","overlay-opacity":"","overlay-gradient":""},"tablet":{"background-color":"","background-image":"","background-repeat":"repeat","background-position":"center center","background-size":"auto","background-attachment":"scroll","background-type":"","background-media":"","overlay-type":"","overlay-color":"","overlay-opacity":"","overlay-gradient":""},"mobile":{"background-color":"","background-image":"","background-repeat":"repeat","background-position":"center center","background-size":"auto","background-attachment":"scroll","background-type":"","background-media":"","overlay-type":"","overlay-color":"","overlay-opacity":"","overlay-gradient":""}},"ast-content-background-meta":{"desktop":{"background-color":"var(--ast-global-color-5)","background-image":"","background-repeat":"repeat","background-position":"center center","background-size":"auto","background-attachment":"scroll","background-type":"","background-media":"","overlay-type":"","overlay-color":"","overlay-opacity":"","overlay-gradient":""},"tablet":{"background-color":"var(--ast-global-color-5)","background-image":"","background-repeat":"repeat","background-position":"center center","background-size":"auto","background-attachment":"scroll","background-type":"","background-media":"","overlay-type":"","overlay-color":"","overlay-opacity":"","overlay-gradient":""},"mobile":{"background-color":"var(--ast-global-color-5)","background-image":"","background-repeat":"repeat","background-position":"center center","background-size":"auto","background-attachment":"scroll","background-type":"","background-media":"","overlay-type":"","overlay-color":"","overlay-opacity":"","overlay-gradient":""}},"footnotes":""},"class_list":["post-2857","page","type-page","status-publish","hentry"],"_links":{"self":[{"href":"https:\/\/vetech.info\/hu\/wp-json\/wp\/v2\/pages\/2857","targetHints":{"allow":["GET"]}}],"collection":[{"href":"https:\/\/vetech.info\/hu\/wp-json\/wp\/v2\/pages"}],"about":[{"href":"https:\/\/vetech.info\/hu\/wp-json\/wp\/v2\/types\/page"}],"author":[{"embeddable":true,"href":"https:\/\/vetech.info\/hu\/wp-json\/wp\/v2\/users\/2"}],"replies":[{"embeddable":true,"href":"https:\/\/vetech.info\/hu\/wp-json\/wp\/v2\/comments?post=2857"}],"version-history":[{"count":119,"href":"https:\/\/vetech.info\/hu\/wp-json\/wp\/v2\/pages\/2857\/revisions"}],"predecessor-version":[{"id":3840,"href":"https:\/\/vetech.info\/hu\/wp-json\/wp\/v2\/pages\/2857\/revisions\/3840"}],"wp:attachment":[{"href":"https:\/\/vetech.info\/hu\/wp-json\/wp\/v2\/media?parent=2857"}],"curies":[{"name":"wp","href":"https:\/\/api.w.org\/{rel}","templated":true}]}}