{"id":2854,"date":"2025-07-03T11:44:33","date_gmt":"2025-07-03T11:44:33","guid":{"rendered":"https:\/\/vetech.info\/about-2\/"},"modified":"2025-10-03T12:56:57","modified_gmt":"2025-10-03T12:56:57","slug":"about-2","status":"publish","type":"page","link":"https:\/\/vetech.info\/hu\/about-2\/","title":{"rendered":"A projektr\u0151l"},"content":{"rendered":"<div data-elementor-type=\"wp-post\" data-elementor-id=\"2854\" class=\"elementor elementor-2854\">\n\t\t\t\t<div class=\"elementor-element elementor-element-cbcf082 e-flex e-con-boxed e-con e-parent\" data-id=\"cbcf082\" data-element_type=\"container\" data-e-type=\"container\" data-settings=\"{&quot;background_background&quot;:&quot;classic&quot;}\">\n\t\t\t\t\t<div class=\"e-con-inner\">\n\t\t<div class=\"elementor-element elementor-element-53c6f6a e-con-full e-flex e-con e-child\" data-id=\"53c6f6a\" data-element_type=\"container\" data-e-type=\"container\">\n\t\t\t\t<div class=\"elementor-element elementor-element-60f397f elementor-widget elementor-widget-heading\" data-id=\"60f397f\" data-element_type=\"widget\" data-e-type=\"widget\" data-widget_type=\"heading.default\">\n\t\t\t\t<div class=\"elementor-widget-container\">\n\t\t\t\t\t<h1 class=\"elementor-heading-title elementor-size-default\">A projektr\u0151l<\/h1>\t\t\t\t<\/div>\n\t\t\t\t<\/div>\n\t\t\t\t<\/div>\n\t\t\t\t\t<\/div>\n\t\t\t\t<\/div>\n\t\t<div class=\"elementor-element elementor-element-945f3cc e-flex e-con-boxed e-con e-parent\" data-id=\"945f3cc\" data-element_type=\"container\" data-e-type=\"container\" data-settings=\"{&quot;background_background&quot;:&quot;classic&quot;}\">\n\t\t\t\t\t<div class=\"e-con-inner\">\n\t\t\t\t<div class=\"elementor-element elementor-element-a35f4d7 elementor-widget elementor-widget-spacer\" data-id=\"a35f4d7\" data-element_type=\"widget\" data-e-type=\"widget\" data-widget_type=\"spacer.default\">\n\t\t\t\t<div class=\"elementor-widget-container\">\n\t\t\t\t\t\t\t<div class=\"elementor-spacer\">\n\t\t\t<div class=\"elementor-spacer-inner\"><\/div>\n\t\t<\/div>\n\t\t\t\t\t\t<\/div>\n\t\t\t\t<\/div>\n\t\t\t\t\t<\/div>\n\t\t\t\t<\/div>\n\t\t<div class=\"elementor-element elementor-element-7de2d80 e-flex e-con-boxed e-con e-parent\" data-id=\"7de2d80\" data-element_type=\"container\" data-e-type=\"container\" data-settings=\"{&quot;background_background&quot;:&quot;classic&quot;}\">\n\t\t\t\t\t<div class=\"e-con-inner\">\n\t\t<div class=\"elementor-element elementor-element-bb73924 e-con-full e-flex e-con e-child\" data-id=\"bb73924\" data-element_type=\"container\" data-e-type=\"container\" data-settings=\"{&quot;background_background&quot;:&quot;classic&quot;}\">\n\t\t\t\t<div class=\"elementor-element elementor-element-58f02e6 elementor-widget elementor-widget-text-editor\" data-id=\"58f02e6\" data-element_type=\"widget\" data-e-type=\"widget\" data-widget_type=\"text-editor.default\">\n\t\t\t\t<div class=\"elementor-widget-container\">\n\t\t\t\t\t\t\t\t\t<p data-start=\"857\" data-end=\"1206\" class=\"translation-block\">A VETech \u2013 Digit\u00e1lis k\u00e9szs\u00e9gfejleszt\u00e9s a j\u00f6v\u0151 KKV-i sz\u00e1m\u00e1ra egy Erasmus+ KA210-VET kis l\u00e9pt\u00e9k\u0171 partners\u00e9gi projekt, amely az eur\u00f3pai munkaer\u0151piac egyik legs\u00fcrget\u0151bb kih\u00edv\u00e1s\u00e1t k\u00edv\u00e1nja kezelni: a digit\u00e1lis k\u00e9szs\u00e9ghi\u00e1ny cs\u00f6kkent\u00e9s\u00e9t a szakk\u00e9pz\u00e9sben (VET) \u00e9s a kis- \u00e9s k\u00f6z\u00e9pv\u00e1llalkoz\u00e1sok (KKV-k) digit\u00e1lis \u00e1talakul\u00e1s\u00e1nak felgyors\u00edt\u00e1s\u00e1t.<\/p><p data-start=\"1208\" data-end=\"1653\">A projekt  2025 janu\u00e1rj\u00e1t\u00f3l 2026 j\u00fanius\u00e1ig tart, megval\u00f3s\u00edt\u00f3ja h\u00e1rom nemzetk\u00f6zi (magyar, bolg\u00e1r, g\u00f6r\u00f6g) partner. A projekt c\u00e9lja, hogy a szakk\u00e9pz\u00e9sben tanul\u00f3kat \u00e9s oktat\u00f3kat korszer\u0171, j\u00f6v\u0151\u00e1ll\u00f3 digit\u00e1lis kompetenci\u00e1kkal l\u00e1ssa el. Olyan k\u00e9szs\u00e9gek fejleszt\u00e9se \u00e1ll a projekt f\u00f3kusz\u00e1ban, amelyek tal\u00e1lkoznak a v\u00e1llalkoz\u00e1sok \u2013 k\u00fcl\u00f6n\u00f6sen a digit\u00e1lis v\u00e1ltoz\u00e1sokkal \u00f6n\u00e1ll\u00f3an nehezen boldogul\u00f3 KKV-k ig\u00e9nyeivel.<\/p><p data-start=\"1655\" data-end=\"2071\" class=\"translation-block\">A projekt k\u00f6z\u00e9ppontj\u00e1ban egy gyakorlatias digit\u00e1lis eszk\u00f6zt\u00e1r fejleszt\u00e9se \u00e1ll, aminek a hat\u00e9konys\u00e1g\u00e1t egy szimul\u00e1ci\u00f3s tr\u00e9ning sor\u00e1n tesztelik a projektpartnerek. A v\u00e9geredm\u00e9nyt jelent\u0151, minden c\u00e9lcsoport sz\u00e1m\u00e1ra k\u00fcl\u00f6n kialak\u00edtott tananyagok olyan t\u00e9m\u00e1kat dolgoznak fel, mint a mesters\u00e9ges intelligencia haszn\u00e1lata, a hat\u00e9kony online kollabor\u00e1ci\u00f3 \u00e9s a digit\u00e1lis tartalomk\u00e9sz\u00edt\u00e9s alapjai.<\/p><p data-start=\"2073\" data-end=\"2108\">A megval\u00f3s\u00edt\u00e1si terv l\u00e9p\u00e9sei<\/p><ul data-start=\"2109\" data-end=\"2472\"><li data-start=\"2109\" data-end=\"2203\"><p data-start=\"2111\" data-end=\"2203\">Kezdeti ig\u00e9nyfelm\u00e9r\u00e9sek \u00e9s kutat\u00e1sok a h\u00e1rom nemzet szakk\u00e9pz\u00e9si rendszer\u00e9ben jelen l\u00e9v\u0151, digit\u00e1lis k\u00e9szs\u00e9gekkel kapcsolatos hi\u00e1nyoss\u00e1gokr\u00f3l \u00e9s a KKV-k digit\u00e1lis felk\u00e9sz\u00fclts\u00e9g\u00e9r\u0151l.<\/p><\/li><li data-start=\"2204\" data-end=\"2311\"><p data-start=\"2206\" data-end=\"2311\" class=\"translation-block\">A kutat\u00e1si eredm\u00e9nyek alapj\u00e1n (VETech adatb\u00e1zis) egy eszk\u00f6zt\u00e1r fejleszt\u00e9se, amely mindh\u00e1rom c\u00e9lcsoport sz\u00e1m\u00e1ra tananyagokat tartalmaz h\u00e1rom relev\u00e1ns digit\u00e1lis t\u00e9m\u00e1ban.<\/p><\/li><li data-start=\"2312\" data-end=\"2386\"><p data-start=\"2314\" data-end=\"2386\" class=\"translation-block\">Egy szimul\u00e1ci\u00f3s tr\u00e9ning megval\u00f3s\u00edt\u00e1sa, amely sor\u00e1n mindh\u00e1rom orsz\u00e1gb\u00f3l  mindh\u00e1rom c\u00e9lcsoport k\u00e9pviselteti mag\u00e1t \u00e9s tesztelik a tananyagokat.<\/p><\/li><li data-start=\"2387\" data-end=\"2472\"><p data-start=\"2389\" data-end=\"2472\" class=\"translation-block\">A v\u00e9gleges\u00edtett tananyagok sz\u00e9les k\u00f6rben val\u00f3, t\u00e9r\u00edt\u00e9smentes terjeszt\u00e9se<\/p><\/li><\/ul><p data-start=\"2474\" data-end=\"2867\" class=\"translation-block\">A projekt minden eredm\u00e9nye \u2013 bele\u00e9rtve a kutat\u00f3munka eredm\u00e9ny\u00e9t (VETech adatb\u00e1zis), a digit\u00e1lis eszk\u00f6zt\u00e1rat (VETech toolkit) \u00e9s a VETech weboldalt \u2013 szabadon hozz\u00e1f\u00e9rhet\u0151 a szakk\u00e9pz\u00e9si int\u00e9zm\u00e9nyek, a KKV-k \u00e9s minden \u00e9rdekl\u0151d\u0151 sz\u00e1m\u00e1ra. Ez az Erasmus+ projekt \u00edgy k\u00f6zvetlen\u00fcl j\u00e1rul hozz\u00e1 az Erasmus+ program priorit\u00e1s\u00e1hoz, a digit\u00e1lis \u00e1talakul\u00e1s el\u0151seg\u00edt\u00e9s\u00e9hez mind a t\u00e1rsadalomban, mind a gazdas\u00e1gban.<\/p>\t\t\t\t\t\t\t\t<\/div>\n\t\t\t\t<\/div>\n\t\t\t\t<\/div>\n\t\t\t\t\t<\/div>\n\t\t\t\t<\/div>\n\t\t<div class=\"elementor-element elementor-element-22e9f13 e-flex e-con-boxed e-con e-parent\" data-id=\"22e9f13\" data-element_type=\"container\" data-e-type=\"container\" data-settings=\"{&quot;background_background&quot;:&quot;classic&quot;}\">\n\t\t\t\t\t<div class=\"e-con-inner\">\n\t\t\t\t<div class=\"elementor-element elementor-element-c877091 elementor-widget elementor-widget-spacer\" data-id=\"c877091\" data-element_type=\"widget\" data-e-type=\"widget\" data-widget_type=\"spacer.default\">\n\t\t\t\t<div class=\"elementor-widget-container\">\n\t\t\t\t\t\t\t<div class=\"elementor-spacer\">\n\t\t\t<div class=\"elementor-spacer-inner\"><\/div>\n\t\t<\/div>\n\t\t\t\t\t\t<\/div>\n\t\t\t\t<\/div>\n\t\t\t\t\t<\/div>\n\t\t\t\t<\/div>\n\t\t<div class=\"elementor-element elementor-element-1217944 e-flex e-con-boxed e-con e-parent\" data-id=\"1217944\" data-element_type=\"container\" data-e-type=\"container\" data-settings=\"{&quot;background_background&quot;:&quot;classic&quot;}\">\n\t\t\t\t\t<div class=\"e-con-inner\">\n\t\t<div class=\"elementor-element elementor-element-993c077 e-con-full e-flex e-con e-child\" data-id=\"993c077\" data-element_type=\"container\" data-e-type=\"container\">\n\t\t\t\t<div class=\"elementor-element elementor-element-e9f594c elementor-widget elementor-widget-heading\" data-id=\"e9f594c\" data-element_type=\"widget\" data-e-type=\"widget\" data-widget_type=\"heading.default\">\n\t\t\t\t<div class=\"elementor-widget-container\">\n\t\t\t\t\t<h2 class=\"elementor-heading-title elementor-size-default\">L\u00e9pjen kapcsolatba vel\u00fcnk!<\/h2>\t\t\t\t<\/div>\n\t\t\t\t<\/div>\n\t\t\t\t<div class=\"elementor-element elementor-element-34c77f2 elementor-align-right elementor-mobile-align-center elementor-widget elementor-widget-button\" data-id=\"34c77f2\" data-element_type=\"widget\" data-e-type=\"widget\" data-widget_type=\"button.default\">\n\t\t\t\t<div class=\"elementor-widget-container\">\n\t\t\t\t\t\t\t\t\t<div class=\"elementor-button-wrapper\">\n\t\t\t\t\t<a class=\"elementor-button elementor-button-link elementor-size-sm\" href=\"https:\/\/vetech.info\/hu\/contact-2\/\">\n\t\t\t\t\t\t<span class=\"elementor-button-content-wrapper\">\n\t\t\t\t\t\t\t\t\t<span class=\"elementor-button-text\">Tov\u00e1bb<\/span>\n\t\t\t\t\t<\/span>\n\t\t\t\t\t<\/a>\n\t\t\t\t<\/div>\n\t\t\t\t\t\t\t\t<\/div>\n\t\t\t\t<\/div>\n\t\t\t\t<\/div>\n\t\t\t\t\t<\/div>\n\t\t\t\t<\/div>\n\t\t<div class=\"elementor-element elementor-element-5fe891d e-grid e-con-boxed e-con e-parent\" data-id=\"5fe891d\" data-element_type=\"container\" data-e-type=\"container\" data-settings=\"{&quot;background_background&quot;:&quot;classic&quot;}\">\n\t\t\t\t\t<div class=\"e-con-inner\">\n\t\t\t\t<div class=\"elementor-element elementor-element-873fc17 elementor-widget elementor-widget-spacer\" data-id=\"873fc17\" data-element_type=\"widget\" data-e-type=\"widget\" data-widget_type=\"spacer.default\">\n\t\t\t\t<div class=\"elementor-widget-container\">\n\t\t\t\t\t\t\t<div class=\"elementor-spacer\">\n\t\t\t<div class=\"elementor-spacer-inner\"><\/div>\n\t\t<\/div>\n\t\t\t\t\t\t<\/div>\n\t\t\t\t<\/div>\n\t\t\t\t<div class=\"elementor-element elementor-element-4729873 elementor-widget elementor-widget-image\" data-id=\"4729873\" data-element_type=\"widget\" data-e-type=\"widget\" data-widget_type=\"image.default\">\n\t\t\t\t<div class=\"elementor-widget-container\">\n\t\t\t\t\t\t\t\t\t\t\t\t\t\t\t<img fetchpriority=\"high\" decoding=\"async\" width=\"1600\" height=\"229\" src=\"https:\/\/vetech.info\/wp-content\/uploads\/2026\/02\/\u03a4\u03bf-\u03ba\u03b5\u03af\u03bc\u03b5\u03bd\u03bf-\u03c4\u03b7\u03c2-\u03c0\u03b1\u03c1\u03b1\u03b3\u03c1\u03ac\u03c6\u03bf\u03c5-\u03c3\u03b1\u03c2-4.png\" class=\"attachment-full size-full wp-image-3658\" alt=\"\" srcset=\"https:\/\/vetech.info\/wp-content\/uploads\/2026\/02\/\u03a4\u03bf-\u03ba\u03b5\u03af\u03bc\u03b5\u03bd\u03bf-\u03c4\u03b7\u03c2-\u03c0\u03b1\u03c1\u03b1\u03b3\u03c1\u03ac\u03c6\u03bf\u03c5-\u03c3\u03b1\u03c2-4.png 1600w, https:\/\/vetech.info\/wp-content\/uploads\/2026\/02\/\u03a4\u03bf-\u03ba\u03b5\u03af\u03bc\u03b5\u03bd\u03bf-\u03c4\u03b7\u03c2-\u03c0\u03b1\u03c1\u03b1\u03b3\u03c1\u03ac\u03c6\u03bf\u03c5-\u03c3\u03b1\u03c2-4-300x43.png 300w, https:\/\/vetech.info\/wp-content\/uploads\/2026\/02\/\u03a4\u03bf-\u03ba\u03b5\u03af\u03bc\u03b5\u03bd\u03bf-\u03c4\u03b7\u03c2-\u03c0\u03b1\u03c1\u03b1\u03b3\u03c1\u03ac\u03c6\u03bf\u03c5-\u03c3\u03b1\u03c2-4-1024x147.png 1024w, https:\/\/vetech.info\/wp-content\/uploads\/2026\/02\/\u03a4\u03bf-\u03ba\u03b5\u03af\u03bc\u03b5\u03bd\u03bf-\u03c4\u03b7\u03c2-\u03c0\u03b1\u03c1\u03b1\u03b3\u03c1\u03ac\u03c6\u03bf\u03c5-\u03c3\u03b1\u03c2-4-768x110.png 768w, https:\/\/vetech.info\/wp-content\/uploads\/2026\/02\/\u03a4\u03bf-\u03ba\u03b5\u03af\u03bc\u03b5\u03bd\u03bf-\u03c4\u03b7\u03c2-\u03c0\u03b1\u03c1\u03b1\u03b3\u03c1\u03ac\u03c6\u03bf\u03c5-\u03c3\u03b1\u03c2-4-1536x220.png 1536w, https:\/\/vetech.info\/wp-content\/uploads\/2026\/02\/\u03a4\u03bf-\u03ba\u03b5\u03af\u03bc\u03b5\u03bd\u03bf-\u03c4\u03b7\u03c2-\u03c0\u03b1\u03c1\u03b1\u03b3\u03c1\u03ac\u03c6\u03bf\u03c5-\u03c3\u03b1\u03c2-4-18x3.png 18w\" sizes=\"(max-width: 1600px) 100vw, 1600px\" \/>\t\t\t\t\t\t\t\t\t\t\t\t\t\t\t<\/div>\n\t\t\t\t<\/div>\n\t\t\t\t<div class=\"elementor-element elementor-element-7da4304 elementor-widget elementor-widget-spacer\" data-id=\"7da4304\" data-element_type=\"widget\" data-e-type=\"widget\" data-widget_type=\"spacer.default\">\n\t\t\t\t<div class=\"elementor-widget-container\">\n\t\t\t\t\t\t\t<div class=\"elementor-spacer\">\n\t\t\t<div class=\"elementor-spacer-inner\"><\/div>\n\t\t<\/div>\n\t\t\t\t\t\t<\/div>\n\t\t\t\t<\/div>\n\t\t\t\t\t<\/div>\n\t\t\t\t<\/div>\n\t\t\t\t<\/div>","protected":false},"excerpt":{"rendered":"<p>About Us VETech \u2013 Digital Skills for Tomorrow\u2019s SMEs is an Erasmus+ KA210-VET small-scale partnership project that tackles one of today\u2019s most urgent challenges in the European labor market: closing the digital skills gap in vocational education and training (VET) and accelerating the digital transformation of small and medium-sized enterprises (SMEs). Spanning from January 2025 [&hellip;]<\/p>\n","protected":false},"author":2,"featured_media":0,"parent":0,"menu_order":0,"comment_status":"closed","ping_status":"closed","template":"","meta":{"site-sidebar-layout":"no-sidebar","site-content-layout":"page-builder","ast-site-content-layout":"full-width-container","site-content-style":"unboxed","site-sidebar-style":"unboxed","ast-global-header-display":"","ast-banner-title-visibility":"","ast-main-header-display":"","ast-hfb-above-header-display":"","ast-hfb-below-header-display":"","ast-hfb-mobile-header-display":"","site-post-title":"disabled","ast-breadcrumbs-content":"","ast-featured-img":"disabled","footer-sml-layout":"","ast-disable-related-posts":"","theme-transparent-header-meta":"enabled","adv-header-id-meta":"","stick-header-meta":"","header-above-stick-meta":"","header-main-stick-meta":"","header-below-stick-meta":"","astra-migrate-meta-layouts":"set","ast-page-background-enabled":"default","ast-page-background-meta":{"desktop":{"background-color":"","background-image":"","background-repeat":"repeat","background-position":"center center","background-size":"auto","background-attachment":"scroll","background-type":"","background-media":"","overlay-type":"","overlay-color":"","overlay-opacity":"","overlay-gradient":""},"tablet":{"background-color":"","background-image":"","background-repeat":"repeat","background-position":"center center","background-size":"auto","background-attachment":"scroll","background-type":"","background-media":"","overlay-type":"","overlay-color":"","overlay-opacity":"","overlay-gradient":""},"mobile":{"background-color":"","background-image":"","background-repeat":"repeat","background-position":"center center","background-size":"auto","background-attachment":"scroll","background-type":"","background-media":"","overlay-type":"","overlay-color":"","overlay-opacity":"","overlay-gradient":""}},"ast-content-background-meta":{"desktop":{"background-color":"var(--ast-global-color-5)","background-image":"","background-repeat":"repeat","background-position":"center center","background-size":"auto","background-attachment":"scroll","background-type":"","background-media":"","overlay-type":"","overlay-color":"","overlay-opacity":"","overlay-gradient":""},"tablet":{"background-color":"var(--ast-global-color-5)","background-image":"","background-repeat":"repeat","background-position":"center center","background-size":"auto","background-attachment":"scroll","background-type":"","background-media":"","overlay-type":"","overlay-color":"","overlay-opacity":"","overlay-gradient":""},"mobile":{"background-color":"var(--ast-global-color-5)","background-image":"","background-repeat":"repeat","background-position":"center center","background-size":"auto","background-attachment":"scroll","background-type":"","background-media":"","overlay-type":"","overlay-color":"","overlay-opacity":"","overlay-gradient":""}},"footnotes":""},"class_list":["post-2854","page","type-page","status-publish","hentry"],"_links":{"self":[{"href":"https:\/\/vetech.info\/hu\/wp-json\/wp\/v2\/pages\/2854","targetHints":{"allow":["GET"]}}],"collection":[{"href":"https:\/\/vetech.info\/hu\/wp-json\/wp\/v2\/pages"}],"about":[{"href":"https:\/\/vetech.info\/hu\/wp-json\/wp\/v2\/types\/page"}],"author":[{"embeddable":true,"href":"https:\/\/vetech.info\/hu\/wp-json\/wp\/v2\/users\/2"}],"replies":[{"embeddable":true,"href":"https:\/\/vetech.info\/hu\/wp-json\/wp\/v2\/comments?post=2854"}],"version-history":[{"count":60,"href":"https:\/\/vetech.info\/hu\/wp-json\/wp\/v2\/pages\/2854\/revisions"}],"predecessor-version":[{"id":3828,"href":"https:\/\/vetech.info\/hu\/wp-json\/wp\/v2\/pages\/2854\/revisions\/3828"}],"wp:attachment":[{"href":"https:\/\/vetech.info\/hu\/wp-json\/wp\/v2\/media?parent=2854"}],"curies":[{"name":"wp","href":"https:\/\/api.w.org\/{rel}","templated":true}]}}