{"id":2702,"date":"2025-04-30T11:53:55","date_gmt":"2025-04-30T11:53:55","guid":{"rendered":"https:\/\/vetech.info\/?page_id=2702"},"modified":"2025-10-09T09:20:50","modified_gmt":"2025-10-09T09:20:50","slug":"objective","status":"publish","type":"page","link":"https:\/\/vetech.info\/hu\/objective\/","title":{"rendered":"C\u00e9lok"},"content":{"rendered":"<div data-elementor-type=\"wp-page\" data-elementor-id=\"2702\" class=\"elementor elementor-2702\">\n\t\t\t\t<div class=\"elementor-element elementor-element-dcfb448 e-flex e-con-boxed e-con e-parent\" data-id=\"dcfb448\" data-element_type=\"container\" data-e-type=\"container\" data-settings=\"{&quot;background_background&quot;:&quot;classic&quot;}\">\n\t\t\t\t\t<div class=\"e-con-inner\">\n\t\t<div class=\"elementor-element elementor-element-d21b7e0 e-flex e-con-boxed e-con e-child\" data-id=\"d21b7e0\" data-element_type=\"container\" data-e-type=\"container\">\n\t\t\t\t\t<div class=\"e-con-inner\">\n\t\t\t\t<div class=\"elementor-element elementor-element-e9fd9dc elementor-widget elementor-widget-heading\" data-id=\"e9fd9dc\" data-element_type=\"widget\" data-e-type=\"widget\" data-widget_type=\"heading.default\">\n\t\t\t\t<div class=\"elementor-widget-container\">\n\t\t\t\t\t<h1 class=\"elementor-heading-title elementor-size-default\">C\u00e9lok<\/h1>\t\t\t\t<\/div>\n\t\t\t\t<\/div>\n\t\t\t\t\t<\/div>\n\t\t\t\t<\/div>\n\t\t\t\t\t<\/div>\n\t\t\t\t<\/div>\n\t\t<div class=\"elementor-element elementor-element-500861b e-flex e-con-boxed e-con e-parent\" data-id=\"500861b\" data-element_type=\"container\" data-e-type=\"container\" data-settings=\"{&quot;background_background&quot;:&quot;classic&quot;}\">\n\t\t\t\t\t<div class=\"e-con-inner\">\n\t\t<div class=\"elementor-element elementor-element-7dbc6fb e-con-full e-flex e-con e-child\" data-id=\"7dbc6fb\" data-element_type=\"container\" data-e-type=\"container\" data-settings=\"{&quot;background_background&quot;:&quot;classic&quot;}\">\n\t\t\t\t<div class=\"elementor-element elementor-element-8a31011 elementor-widget elementor-widget-spacer\" data-id=\"8a31011\" data-element_type=\"widget\" data-e-type=\"widget\" data-widget_type=\"spacer.default\">\n\t\t\t\t<div class=\"elementor-widget-container\">\n\t\t\t\t\t\t\t<div class=\"elementor-spacer\">\n\t\t\t<div class=\"elementor-spacer-inner\"><\/div>\n\t\t<\/div>\n\t\t\t\t\t\t<\/div>\n\t\t\t\t<\/div>\n\t\t<div class=\"elementor-element elementor-element-51b695b e-flex e-con-boxed e-con e-child\" data-id=\"51b695b\" data-element_type=\"container\" data-e-type=\"container\">\n\t\t\t\t\t<div class=\"e-con-inner\">\n\t\t<div class=\"elementor-element elementor-element-bda37a0 e-flex e-con-boxed e-con e-child\" data-id=\"bda37a0\" data-element_type=\"container\" data-e-type=\"container\">\n\t\t\t\t\t<div class=\"e-con-inner\">\n\t\t\t\t<div class=\"elementor-element elementor-element-f572d20 elementor-widget elementor-widget-heading\" data-id=\"f572d20\" data-element_type=\"widget\" data-e-type=\"widget\" data-widget_type=\"heading.default\">\n\t\t\t\t<div class=\"elementor-widget-container\">\n\t\t\t\t\t<h2 class=\"elementor-heading-title elementor-size-default\">Projektc\u00e9lok<\/h2>\t\t\t\t<\/div>\n\t\t\t\t<\/div>\n\t\t\t\t<div class=\"elementor-element elementor-element-91bab08 elementor-widget elementor-widget-text-editor\" data-id=\"91bab08\" data-element_type=\"widget\" data-e-type=\"widget\" data-widget_type=\"text-editor.default\">\n\t\t\t\t<div class=\"elementor-widget-container\">\n\t\t\t\t\t\t\t\t\t<p>A projekt c\u00e9lja a szakk\u00e9pz\u00e9sben (VET szektor) tanul\u00f3k \u00e9s oktat\u00f3k digit\u00e1lis k\u00e9szs\u00e9geinek fejleszt\u00e9se, valamint a kis- \u00e9s k\u00f6z\u00e9pv\u00e1llalkoz\u00e1sok (KKV-k) digit\u00e1lis \u00e1talakul\u00e1s\u00e1nak t\u00e1mogat\u00e1sa \u00fagy, hogy a szakk\u00e9pz\u00e9si szerepl\u0151k digit\u00e1lis k\u00e9szs\u00e9gfejleszt\u00e9se \u00f6sszhangban legyen a piaci szerepl\u0151k ig\u00e9nyeivel.<\/p><p>A projektpartnerek ezt \u00fagy k\u00edv\u00e1nt\u00e1k el\u00e9rni, hogy a projekt els\u0151 szakasz\u00e1ban felm\u00e9rt\u00e9k saj\u00e1t orsz\u00e1guk piac\u00e1nak digit\u00e1lis ig\u00e9nyeit, hi\u00e1nyoss\u00e1gait, valamint a szakk\u00e9pz\u00e9si (VET) szektor digit\u00e1lis fejletts\u00e9g\u00e9t m\u00e1sodlagos (tanulm\u00e1nyok, statisztik\u00e1k stb.) \u00e9s els\u0151dleges (k\u00e9rd\u0151\u00edvek) kutat\u00e1s form\u00e1j\u00e1ban. A kutat\u00e1si eredm\u00e9nyeket \u00f6sszegezt\u00e9k \u00e9s<\/p><p>\u00e9s arra alapozva a k\u00f6vetkez\u0151 l\u00e9p\u00e9sben kidolgoztak egy k\u00f6z\u00f6s eszk\u00f6zt\u00e1rat (pl. a mesters\u00e9ges intelligencia alkalmaz\u00e1s\u00e1nak lehet\u0151s\u00e9gei a oktat\u00e1sban, marketingben stb.).<\/p><p>Az eszk\u00f6zt\u00e1r relevanci\u00e1j\u00e1t a projekt m\u00e1sodik szakasz\u00e1ban tesztel\u00e9sre ker\u00fclt egy h\u00e1romnapos szimul\u00e1ci\u00f3s tr\u00e9ning keret\u00e9ben, amelynek alanyai szakoktat\u00f3k, gyakorlati oktat\u00f3k, szakk\u00e9pz\u00e9sben r\u00e9sztvev\u0151 di\u00e1kok \u00e9s KKV-k k\u00e9pvisel\u0151i voltak mindh\u00e1rom projektorsz\u00e1gb\u00f3l. A tr\u00e9ning tapasztalatait figyelembe v\u00e9ve nyerte el az eszk\u00f6zt\u00e1r a v\u00e9gleges form\u00e1j\u00e1t \u00e9s tartalm\u00e1t.<\/p><p>A projekt minden eredm\u00e9nye (kutat\u00e1si tanulm\u00e1ny, eszk\u00f6zt\u00e1r, szimul\u00e1ci\u00f3s k\u00e9pz\u00e9s online anyagai stb.) el\u00e9rhet\u0151 ezen, a projekt kommunik\u00e1ci\u00f3ja c\u00e9lj\u00e1b\u00f3l l\u00e9trehozott weboldalon, azzal a c\u00e9llal, hogy seg\u00edtse a v\u00e1llalkoz\u00e1sokat az \u00faj technol\u00f3gi\u00e1k meg\u00e9rt\u00e9s\u00e9ben \u00e9s alkalmaz\u00e1s\u00e1ban, valamint t\u00e1mogassa a szakk\u00e9pz\u00e9s szerepl\u0151it abban, hogy digit\u00e1lis k\u00e9szs\u00e9geik fejleszt\u00e9s\u00e9vel alkalmazkodni tudjanak a munkaer\u0151piac elv\u00e1r\u00e1saihoz.<\/p><p>Ez a nemzetk\u00f6zi egy\u00fcttm\u0171k\u00f6d\u00e9s el\u0151seg\u00edtette a projektorsz\u00e1gok k\u00f6z\u00f6tti tud\u00e1smegoszt\u00e1st \u00e9s a bev\u00e1lt gyakorlatok \u00e1tad\u00e1s\u00e1t egym\u00e1snak, a c\u00e9lcsoportoknak \u00e9s minden, a t\u00e9ma ir\u00e1nt \u00e9rdekl\u0151d\u0151nek.<\/p><p><b>A projekt c\u00e9lcsoportjai<\/b><\/p><p>Szakk\u00e9pz\u00e9sben tanul\u00f3 di\u00e1kok, akik versenyk\u00e9pes digit\u00e1lis k\u00e9szs\u00e9geket szeretn\u00e9nek szerezni.<\/p><p>Oktat\u00f3k \u00e9s k\u00e9pz\u0151k, akik korszer\u0171 \u00e9s hat\u00e9kony oktat\u00e1si m\u00f3dszereket keresnek.<\/p><p>Kis- \u00e9s k\u00f6z\u00e9pv\u00e1llalkoz\u00e1sok, amelyek korl\u00e1tozott er\u0151forr\u00e1sokkal rendelkeznek a digit\u00e1lis \u00e1t\u00e1ll\u00e1shoz.<br \/><br \/><br \/><b>Projektesem\u00e9nyek:<\/b><br \/><a href=\"https:\/\/vetech.info\/hu\/events\/\"><br \/><\/a><\/p><p>2025. m\u00e1rcius 26.: Nemzetk\u00f6zi projektind\u00edt\u00f3 \"kick-off\" tal\u00e1lkoz\u00f3 Veszpr\u00e9mben<\/p>\t\t\t\t\t\t\t\t<\/div>\n\t\t\t\t<\/div>\n\t\t\t\t\t<\/div>\n\t\t\t\t<\/div>\n\t\t\t\t\t<\/div>\n\t\t\t\t<\/div>\n\t\t\t\t<div class=\"elementor-element elementor-element-964226f elementor-widget elementor-widget-spacer\" data-id=\"964226f\" data-element_type=\"widget\" data-e-type=\"widget\" data-widget_type=\"spacer.default\">\n\t\t\t\t<div class=\"elementor-widget-container\">\n\t\t\t\t\t\t\t<div class=\"elementor-spacer\">\n\t\t\t<div class=\"elementor-spacer-inner\"><\/div>\n\t\t<\/div>\n\t\t\t\t\t\t<\/div>\n\t\t\t\t<\/div>\n\t\t\t\t<\/div>\n\t\t\t\t\t<\/div>\n\t\t\t\t<\/div>\n\t\t<div class=\"elementor-element elementor-element-20adffd e-flex e-con-boxed e-con e-parent\" data-id=\"20adffd\" data-element_type=\"container\" data-e-type=\"container\" data-settings=\"{&quot;background_background&quot;:&quot;classic&quot;}\">\n\t\t\t\t\t<div class=\"e-con-inner\">\n\t\t<div class=\"elementor-element elementor-element-47e9ad2 e-con-full e-flex e-con e-child\" data-id=\"47e9ad2\" data-element_type=\"container\" data-e-type=\"container\">\n\t\t\t\t<div class=\"elementor-element elementor-element-27ee90f elementor-widget elementor-widget-heading\" data-id=\"27ee90f\" data-element_type=\"widget\" data-e-type=\"widget\" data-widget_type=\"heading.default\">\n\t\t\t\t<div class=\"elementor-widget-container\">\n\t\t\t\t\t<h2 class=\"elementor-heading-title elementor-size-default\">L\u00e9pjen kapcsolatba vel\u00fcnk!<\/h2>\t\t\t\t<\/div>\n\t\t\t\t<\/div>\n\t\t\t\t<div class=\"elementor-element elementor-element-92e9cce elementor-widget elementor-widget-button\" data-id=\"92e9cce\" data-element_type=\"widget\" data-e-type=\"widget\" data-widget_type=\"button.default\">\n\t\t\t\t<div class=\"elementor-widget-container\">\n\t\t\t\t\t\t\t\t\t<div class=\"elementor-button-wrapper\">\n\t\t\t\t\t<a class=\"elementor-button elementor-button-link elementor-size-sm\" href=\"https:\/\/vetech.info\/hu\/contact-2\/\">\n\t\t\t\t\t\t<span class=\"elementor-button-content-wrapper\">\n\t\t\t\t\t\t\t\t\t<span class=\"elementor-button-text\">Tov\u00e1bb<\/span>\n\t\t\t\t\t<\/span>\n\t\t\t\t\t<\/a>\n\t\t\t\t<\/div>\n\t\t\t\t\t\t\t\t<\/div>\n\t\t\t\t<\/div>\n\t\t\t\t<\/div>\n\t\t\t\t\t<\/div>\n\t\t\t\t<\/div>\n\t\t<div class=\"elementor-element elementor-element-af1c9bc e-grid e-con-boxed e-con e-parent\" data-id=\"af1c9bc\" data-element_type=\"container\" data-e-type=\"container\" data-settings=\"{&quot;background_background&quot;:&quot;classic&quot;}\">\n\t\t\t\t\t<div class=\"e-con-inner\">\n\t\t\t\t<div class=\"elementor-element elementor-element-033a1e4 elementor-widget elementor-widget-spacer\" data-id=\"033a1e4\" data-element_type=\"widget\" data-e-type=\"widget\" data-widget_type=\"spacer.default\">\n\t\t\t\t<div class=\"elementor-widget-container\">\n\t\t\t\t\t\t\t<div class=\"elementor-spacer\">\n\t\t\t<div class=\"elementor-spacer-inner\"><\/div>\n\t\t<\/div>\n\t\t\t\t\t\t<\/div>\n\t\t\t\t<\/div>\n\t\t\t\t<div class=\"elementor-element elementor-element-7f93c5f elementor-widget elementor-widget-image\" data-id=\"7f93c5f\" data-element_type=\"widget\" data-e-type=\"widget\" data-widget_type=\"image.default\">\n\t\t\t\t<div class=\"elementor-widget-container\">\n\t\t\t\t\t\t\t\t\t\t\t\t\t\t\t<img fetchpriority=\"high\" decoding=\"async\" width=\"1600\" height=\"229\" src=\"https:\/\/vetech.info\/wp-content\/uploads\/2026\/02\/\u03a4\u03bf-\u03ba\u03b5\u03af\u03bc\u03b5\u03bd\u03bf-\u03c4\u03b7\u03c2-\u03c0\u03b1\u03c1\u03b1\u03b3\u03c1\u03ac\u03c6\u03bf\u03c5-\u03c3\u03b1\u03c2-4.png\" class=\"attachment-full size-full wp-image-3658\" alt=\"\" srcset=\"https:\/\/vetech.info\/wp-content\/uploads\/2026\/02\/\u03a4\u03bf-\u03ba\u03b5\u03af\u03bc\u03b5\u03bd\u03bf-\u03c4\u03b7\u03c2-\u03c0\u03b1\u03c1\u03b1\u03b3\u03c1\u03ac\u03c6\u03bf\u03c5-\u03c3\u03b1\u03c2-4.png 1600w, https:\/\/vetech.info\/wp-content\/uploads\/2026\/02\/\u03a4\u03bf-\u03ba\u03b5\u03af\u03bc\u03b5\u03bd\u03bf-\u03c4\u03b7\u03c2-\u03c0\u03b1\u03c1\u03b1\u03b3\u03c1\u03ac\u03c6\u03bf\u03c5-\u03c3\u03b1\u03c2-4-300x43.png 300w, https:\/\/vetech.info\/wp-content\/uploads\/2026\/02\/\u03a4\u03bf-\u03ba\u03b5\u03af\u03bc\u03b5\u03bd\u03bf-\u03c4\u03b7\u03c2-\u03c0\u03b1\u03c1\u03b1\u03b3\u03c1\u03ac\u03c6\u03bf\u03c5-\u03c3\u03b1\u03c2-4-1024x147.png 1024w, https:\/\/vetech.info\/wp-content\/uploads\/2026\/02\/\u03a4\u03bf-\u03ba\u03b5\u03af\u03bc\u03b5\u03bd\u03bf-\u03c4\u03b7\u03c2-\u03c0\u03b1\u03c1\u03b1\u03b3\u03c1\u03ac\u03c6\u03bf\u03c5-\u03c3\u03b1\u03c2-4-768x110.png 768w, https:\/\/vetech.info\/wp-content\/uploads\/2026\/02\/\u03a4\u03bf-\u03ba\u03b5\u03af\u03bc\u03b5\u03bd\u03bf-\u03c4\u03b7\u03c2-\u03c0\u03b1\u03c1\u03b1\u03b3\u03c1\u03ac\u03c6\u03bf\u03c5-\u03c3\u03b1\u03c2-4-1536x220.png 1536w, https:\/\/vetech.info\/wp-content\/uploads\/2026\/02\/\u03a4\u03bf-\u03ba\u03b5\u03af\u03bc\u03b5\u03bd\u03bf-\u03c4\u03b7\u03c2-\u03c0\u03b1\u03c1\u03b1\u03b3\u03c1\u03ac\u03c6\u03bf\u03c5-\u03c3\u03b1\u03c2-4-18x3.png 18w\" sizes=\"(max-width: 1600px) 100vw, 1600px\" \/>\t\t\t\t\t\t\t\t\t\t\t\t\t\t\t<\/div>\n\t\t\t\t<\/div>\n\t\t\t\t<div class=\"elementor-element elementor-element-4009c6b elementor-widget elementor-widget-spacer\" data-id=\"4009c6b\" data-element_type=\"widget\" data-e-type=\"widget\" data-widget_type=\"spacer.default\">\n\t\t\t\t<div class=\"elementor-widget-container\">\n\t\t\t\t\t\t\t<div class=\"elementor-spacer\">\n\t\t\t<div class=\"elementor-spacer-inner\"><\/div>\n\t\t<\/div>\n\t\t\t\t\t\t<\/div>\n\t\t\t\t<\/div>\n\t\t\t\t\t<\/div>\n\t\t\t\t<\/div>\n\t\t\t\t<\/div>","protected":false},"excerpt":{"rendered":"<p>Objectives Project&#8217;s objectives -The project aims to develop the digital skills of students and teachers in vocationa education and training (VET sector) and to support the digital transformation of small and medium-sized enterprises (SMEs) in such a way that the digital skill development of VET actors is in line with the needs of market players. [&hellip;]<\/p>\n","protected":false},"author":2,"featured_media":0,"parent":0,"menu_order":0,"comment_status":"closed","ping_status":"closed","template":"","meta":{"site-sidebar-layout":"no-sidebar","site-content-layout":"page-builder","ast-site-content-layout":"full-width-container","site-content-style":"unboxed","site-sidebar-style":"unboxed","ast-global-header-display":"","ast-banner-title-visibility":"","ast-main-header-display":"","ast-hfb-above-header-display":"","ast-hfb-below-header-display":"","ast-hfb-mobile-header-display":"","site-post-title":"disabled","ast-breadcrumbs-content":"","ast-featured-img":"disabled","footer-sml-layout":"","ast-disable-related-posts":"","theme-transparent-header-meta":"enabled","adv-header-id-meta":"","stick-header-meta":"","header-above-stick-meta":"","header-main-stick-meta":"","header-below-stick-meta":"","astra-migrate-meta-layouts":"set","ast-page-background-enabled":"default","ast-page-background-meta":{"desktop":{"background-color":"var(--ast-global-color-4)","background-image":"","background-repeat":"repeat","background-position":"center center","background-size":"auto","background-attachment":"scroll","background-type":"","background-media":"","overlay-type":"","overlay-color":"","overlay-opacity":"","overlay-gradient":""},"tablet":{"background-color":"","background-image":"","background-repeat":"repeat","background-position":"center center","background-size":"auto","background-attachment":"scroll","background-type":"","background-media":"","overlay-type":"","overlay-color":"","overlay-opacity":"","overlay-gradient":""},"mobile":{"background-color":"","background-image":"","background-repeat":"repeat","background-position":"center center","background-size":"auto","background-attachment":"scroll","background-type":"","background-media":"","overlay-type":"","overlay-color":"","overlay-opacity":"","overlay-gradient":""}},"ast-content-background-meta":{"desktop":{"background-color":"var(--ast-global-color-5)","background-image":"","background-repeat":"repeat","background-position":"center center","background-size":"auto","background-attachment":"scroll","background-type":"","background-media":"","overlay-type":"","overlay-color":"","overlay-opacity":"","overlay-gradient":""},"tablet":{"background-color":"var(--ast-global-color-5)","background-image":"","background-repeat":"repeat","background-position":"center center","background-size":"auto","background-attachment":"scroll","background-type":"","background-media":"","overlay-type":"","overlay-color":"","overlay-opacity":"","overlay-gradient":""},"mobile":{"background-color":"var(--ast-global-color-5)","background-image":"","background-repeat":"repeat","background-position":"center center","background-size":"auto","background-attachment":"scroll","background-type":"","background-media":"","overlay-type":"","overlay-color":"","overlay-opacity":"","overlay-gradient":""}},"footnotes":""},"class_list":["post-2702","page","type-page","status-publish","hentry"],"_links":{"self":[{"href":"https:\/\/vetech.info\/hu\/wp-json\/wp\/v2\/pages\/2702","targetHints":{"allow":["GET"]}}],"collection":[{"href":"https:\/\/vetech.info\/hu\/wp-json\/wp\/v2\/pages"}],"about":[{"href":"https:\/\/vetech.info\/hu\/wp-json\/wp\/v2\/types\/page"}],"author":[{"embeddable":true,"href":"https:\/\/vetech.info\/hu\/wp-json\/wp\/v2\/users\/2"}],"replies":[{"embeddable":true,"href":"https:\/\/vetech.info\/hu\/wp-json\/wp\/v2\/comments?post=2702"}],"version-history":[{"count":109,"href":"https:\/\/vetech.info\/hu\/wp-json\/wp\/v2\/pages\/2702\/revisions"}],"predecessor-version":[{"id":3887,"href":"https:\/\/vetech.info\/hu\/wp-json\/wp\/v2\/pages\/2702\/revisions\/3887"}],"wp:attachment":[{"href":"https:\/\/vetech.info\/hu\/wp-json\/wp\/v2\/media?parent=2702"}],"curies":[{"name":"wp","href":"https:\/\/api.w.org\/{rel}","templated":true}]}}